{"id":1628,"date":"2021-01-31T04:02:24","date_gmt":"2021-01-31T04:02:24","guid":{"rendered":"http:\/\/evolutionbasketball.ca\/?page_id=1628"},"modified":"2022-03-15T04:57:42","modified_gmt":"2022-03-15T04:57:42","slug":"davidson-sanelus","status":"publish","type":"page","link":"http:\/\/evolutionbasketball.ca\/en\/about-us\/davidson-sanelus\/","title":{"rendered":"Davidson Sanelus"},"content":{"rendered":"<div data-vc-full-width=\"true\" data-vc-full-width-init=\"false\" class=\"vc_row wpb_row vc_row-fluid vc_custom_1612068830046 vc_row-has-fill scheme_dark\"><div class=\"wpb_column vc_column_container vc_col-sm-6 sc_layouts_column_icons_position_left\"><div class=\"vc_column-inner\"><div class=\"wpb_wrapper\"><div id=\"sc_content_1728363098\"\n\t\tclass=\"sc_content sc_content_default sc_float_center\"><div class=\"sc_content_container\"><div class=\"vc_row wpb_row vc_inner vc_row-fluid\"><div class=\"wpb_column vc_column_container vc_col-sm-12 sc_layouts_column_icons_position_left\"><div class=\"vc_column-inner\"><div class=\"wpb_wrapper\"><div id=\"sc_title_9286\"\n\t\tclass=\"scheme_dark sc_title sc_title_default  vc_custom_1647320229458\"><h6 class=\"sc_item_subtitle sc_title_subtitle sc_align_center sc_item_title_style_default\">2022 Season: U16 Boys Head Coach<\/h6><h3 class=\"sc_item_title sc_title_title sc_align_center sc_item_title_style_default\">DAVIDSON SANELUS<\/h3><\/div><!-- \/.sc_title -->\n\t<div class=\"wpb_text_column wpb_content_element\" >\n\t\t<div class=\"wpb_wrapper\">\n\t\t\t<p>Davy was born in Montreal and raised in Saint-Fran\u00e7ois, Laval. He moved to Ottawa in 2000 where he attended Franco-Cit\u00e9 High School. Before getting into coaching, Davy was a former NCSSAA, OCAA all star.<\/p>\n<p>Davy\u2019s passion for coaching started as teen with Basketball Qu\u00e9bec in their annual summer camp. Davy later became involved with the GCBA Organization where he started as an assistant coach under the leadership of Fabienne Blizzard, and things took off from there! With the help of Fabienne, Davy got involved with Ontario Basketball as an assistant and quickly took over as a head coach of a provincial team. Davy was also part of the Canada Basketball coaching staff as an apprentice\/guest coach.<\/p>\n<p>The passion didn't stop there, in 2014, Davy started the Evolution Basketball Program as a way to help share his knowledge and passion to both the French and English basketball community in Ottawa.<\/p>\n<p>Davy is currently a full-time assistant coach at Carleton University under the leadership of Taffe Charles and the legendary Dave Smart.<\/p>\n<p>As the program director, Davy is actively involved with all age groups to ensure the coaching philosophy, decisions, and offensive and defensive schemes are consistent with the Evolution Basketball principles and vison.<\/p>\n<p>E-mail: <a class=\"team\" href=\"mailto:davidsonsanelus@evobasketball.ca\">davidsonsanelus@evobasketball.ca<\/a><\/p>\n\n\t\t<\/div>\n\t<\/div>\n<\/div><\/div><\/div><\/div><div class=\"vc_empty_space  vc_custom_1482758718571 height_medium\"   style=\"height: 32px\"><span class=\"vc_empty_space_inner\"><\/span><\/div><\/div><\/div><!-- \/.sc_content --><div class=\"vc_empty_space  vc_custom_1482758870459 height_huge\"   style=\"height: 32px\"><span class=\"vc_empty_space_inner\"><\/span><\/div><\/div><\/div><\/div><div class=\"wpb_column vc_column_container vc_col-sm-6 sc_layouts_column_icons_position_left\"><div class=\"vc_column-inner\"><div class=\"wpb_wrapper\">\n\t<div  class=\"wpb_single_image wpb_content_element vc_align_center\">\n\t\t\n\t\t<figure class=\"wpb_wrapper vc_figure\">\n\t\t\t<div class=\"vc_single_image-wrapper   vc_box_border_grey\"><img width=\"600\" height=\"750\" src=\"http:\/\/evolutionbasketball.ca\/wp-content\/uploads\/2021\/01\/Coach-Davy.png\" class=\"vc_single_image-img attachment-full\" alt=\"\" loading=\"lazy\" srcset=\"http:\/\/evolutionbasketball.ca\/wp-content\/uploads\/2021\/01\/Coach-Davy.png 600w, http:\/\/evolutionbasketball.ca\/wp-content\/uploads\/2021\/01\/Coach-Davy-240x300.png 240w, http:\/\/evolutionbasketball.ca\/wp-content\/uploads\/2021\/01\/Coach-Davy-370x463.png 370w\" sizes=\"(max-width: 600px) 100vw, 600px\" \/><\/div>\n\t\t<\/figure>\n\t<\/div>\n<\/div><\/div><\/div><\/div><div class=\"vc_row-full-width vc_clearfix\"><\/div><div class=\"opn-row-pre-element\" data-id=\"\" data-gutter=\"\" data-opn_hide_navigation=\"\" data-opn_enable_overlay=\"\"><\/div>","protected":false},"excerpt":{"rendered":"2022 Season: U16 gar\u00e7ons \u2013 entraineur chefDAVIDSON SANELUS Davy est n\u00e9 \u00e0 Montr\u00e9al et a grandi \u00e0 Saint-Fran\u00e7ois, \u00e0 Laval. Il a d\u00e9m\u00e9nag\u00e9 \u00e0 Ottawa en 2000 o\u00f9 il a fr\u00e9quent\u00e9 l'\u00e9cole secondaire Franco-Cit\u00e9. Avant de devenir entraineur, Davy \u00e9tait un ancien joueur \u00e9toile de la NCSSAA et de l'OCAA. La passion de Davy pour l'entrainement a commenc\u00e9 comme adolescent&hellip;","protected":false},"author":990002,"featured_media":0,"parent":317,"menu_order":0,"comment_status":"closed","ping_status":"closed","template":"","meta":[],"_links":{"self":[{"href":"http:\/\/evolutionbasketball.ca\/en\/wp-json\/wp\/v2\/pages\/1628"}],"collection":[{"href":"http:\/\/evolutionbasketball.ca\/en\/wp-json\/wp\/v2\/pages"}],"about":[{"href":"http:\/\/evolutionbasketball.ca\/en\/wp-json\/wp\/v2\/types\/page"}],"author":[{"embeddable":true,"href":"http:\/\/evolutionbasketball.ca\/en\/wp-json\/wp\/v2\/users\/990002"}],"replies":[{"embeddable":true,"href":"http:\/\/evolutionbasketball.ca\/en\/wp-json\/wp\/v2\/comments?post=1628"}],"version-history":[{"count":23,"href":"http:\/\/evolutionbasketball.ca\/en\/wp-json\/wp\/v2\/pages\/1628\/revisions"}],"predecessor-version":[{"id":2080,"href":"http:\/\/evolutionbasketball.ca\/en\/wp-json\/wp\/v2\/pages\/1628\/revisions\/2080"}],"up":[{"embeddable":true,"href":"http:\/\/evolutionbasketball.ca\/en\/wp-json\/wp\/v2\/pages\/317"}],"wp:attachment":[{"href":"http:\/\/evolutionbasketball.ca\/en\/wp-json\/wp\/v2\/media?parent=1628"}],"curies":[{"name":"wp","href":"https:\/\/api.w.org\/{rel}","templated":true}]}}