{"id":1652,"date":"2021-01-31T05:08:08","date_gmt":"2021-01-31T05:08:08","guid":{"rendered":"http:\/\/evolutionbasketball.ca\/?page_id=1652"},"modified":"2022-03-15T05:01:45","modified_gmt":"2022-03-15T05:01:45","slug":"jeremie-st-louis","status":"publish","type":"page","link":"http:\/\/evolutionbasketball.ca\/en\/about-us\/jeremie-st-louis\/","title":{"rendered":"J\u00e9r\u00e9mie St-Louis"},"content":{"rendered":"<div data-vc-full-width=\"true\" data-vc-full-width-init=\"false\" class=\"vc_row wpb_row vc_row-fluid vc_custom_1612068830046 vc_row-has-fill scheme_dark\"><div class=\"wpb_column vc_column_container vc_col-sm-6 sc_layouts_column_icons_position_left\"><div class=\"vc_column-inner\"><div class=\"wpb_wrapper\"><div id=\"sc_content_1091093744\"\n\t\tclass=\"sc_content sc_content_default sc_float_center\"><div class=\"sc_content_container\"><div class=\"vc_row wpb_row vc_inner vc_row-fluid\"><div class=\"wpb_column vc_column_container vc_col-sm-12 sc_layouts_column_icons_position_left\"><div class=\"vc_column-inner\"><div class=\"wpb_wrapper\"><div id=\"sc_title_1342012355\"\n\t\tclass=\"scheme_dark sc_title sc_title_default  vc_custom_1647320484735\"><h6 class=\"sc_item_subtitle sc_title_subtitle sc_align_center sc_item_title_style_default\">2022 Season: U15 Boys Head Coach \/ \nU16 Boys Assistant Coach<\/h6><h3 class=\"sc_item_title sc_title_title sc_align_center sc_item_title_style_default\">J\u00e9r\u00e9mie St-Louis<\/h3><\/div><!-- \/.sc_title -->\n\t<div class=\"wpb_text_column wpb_content_element\" >\n\t\t<div class=\"wpb_wrapper\">\n\t\t\t<p>Jeremie is from Ottawa and started playing basketball when he was 14 years old and fell in love with the game. Jeremie played 3 years of college basketball at La Cit\u00e9. His passion, work ethic, and dedication to the game separated him from other players. These qualities, combined with an attention to detail, is what makes him a great coach and skills trainer.<\/p>\n<p>Jeremie has been coaching basketball at various levels since 2011. His knowledge of the game, experience, and coaching style contributed to the success he experienced as a head coach. Jeremie won two city championships, one with Beatrice Desloges high school in 2017, and the other with College Catholique Mer Bleue in 2018.<\/p>\n<p>Jeremie has been involved with Evolution Basketball since the beginning of the program, teaching the fundamentals of the game of basketball that players need to be successful.<\/p>\n<p>E-mail: <a class=\"team\" href=\"mailto:jeremiestlouis@evobasketball.ca\">jeremiestlouis@evobasketball.ca<\/a><\/p>\n\n\t\t<\/div>\n\t<\/div>\n<\/div><\/div><\/div><\/div><div class=\"vc_empty_space  vc_custom_1482758718571 height_medium\"   style=\"height: 32px\"><span class=\"vc_empty_space_inner\"><\/span><\/div><\/div><\/div><!-- \/.sc_content --><div class=\"vc_empty_space  vc_custom_1482758870459 height_huge\"   style=\"height: 32px\"><span class=\"vc_empty_space_inner\"><\/span><\/div><\/div><\/div><\/div><div class=\"wpb_column vc_column_container vc_col-sm-6 sc_layouts_column_icons_position_left\"><div class=\"vc_column-inner\"><div class=\"wpb_wrapper\">\n\t<div  class=\"wpb_single_image wpb_content_element vc_align_center\">\n\t\t\n\t\t<figure class=\"wpb_wrapper vc_figure\">\n\t\t\t<div class=\"vc_single_image-wrapper   vc_box_border_grey\"><img width=\"600\" height=\"750\" src=\"http:\/\/evolutionbasketball.ca\/wp-content\/uploads\/2021\/01\/Coach-Jeremie.png\" class=\"vc_single_image-img attachment-full\" alt=\"\" loading=\"lazy\" srcset=\"http:\/\/evolutionbasketball.ca\/wp-content\/uploads\/2021\/01\/Coach-Jeremie.png 600w, http:\/\/evolutionbasketball.ca\/wp-content\/uploads\/2021\/01\/Coach-Jeremie-240x300.png 240w, http:\/\/evolutionbasketball.ca\/wp-content\/uploads\/2021\/01\/Coach-Jeremie-370x463.png 370w\" sizes=\"(max-width: 600px) 100vw, 600px\" \/><\/div>\n\t\t<\/figure>\n\t<\/div>\n<div class=\"vc_empty_space  vc_custom_1482758870459 height_huge\"   style=\"height: 32px\"><span class=\"vc_empty_space_inner\"><\/span><\/div><\/div><\/div><\/div><\/div><div class=\"vc_row-full-width vc_clearfix\"><\/div><div class=\"opn-row-pre-element\" data-id=\"\" data-gutter=\"\" data-opn_hide_navigation=\"\" data-opn_enable_overlay=\"\"><\/div>","protected":false},"excerpt":{"rendered":"2022 Season: U15 gar\u00e7ons \u2013 entraineur chef \/ U16 gar\u00e7ons \u2013 entraineur adjointJ\u00e9r\u00e9mie St-Louis J\u00e9r\u00e9mie est originaire d'Ottawa. Il a commenc\u00e9 \u00e0 jouer au basket-ball \u00e0 l'\u00e2ge de 14 ans et est tomb\u00e9 amoureux de ce sport. J\u00e9r\u00e9mie a jou\u00e9 trois ans de basket-ball coll\u00e9gial \u00e0 La Cit\u00e9. Sa passion, son \u00e9thique de travail et son d\u00e9vouement au jeu l'ont&hellip;","protected":false},"author":990002,"featured_media":0,"parent":317,"menu_order":0,"comment_status":"closed","ping_status":"closed","template":"","meta":[],"_links":{"self":[{"href":"http:\/\/evolutionbasketball.ca\/en\/wp-json\/wp\/v2\/pages\/1652"}],"collection":[{"href":"http:\/\/evolutionbasketball.ca\/en\/wp-json\/wp\/v2\/pages"}],"about":[{"href":"http:\/\/evolutionbasketball.ca\/en\/wp-json\/wp\/v2\/types\/page"}],"author":[{"embeddable":true,"href":"http:\/\/evolutionbasketball.ca\/en\/wp-json\/wp\/v2\/users\/990002"}],"replies":[{"embeddable":true,"href":"http:\/\/evolutionbasketball.ca\/en\/wp-json\/wp\/v2\/comments?post=1652"}],"version-history":[{"count":4,"href":"http:\/\/evolutionbasketball.ca\/en\/wp-json\/wp\/v2\/pages\/1652\/revisions"}],"predecessor-version":[{"id":2085,"href":"http:\/\/evolutionbasketball.ca\/en\/wp-json\/wp\/v2\/pages\/1652\/revisions\/2085"}],"up":[{"embeddable":true,"href":"http:\/\/evolutionbasketball.ca\/en\/wp-json\/wp\/v2\/pages\/317"}],"wp:attachment":[{"href":"http:\/\/evolutionbasketball.ca\/en\/wp-json\/wp\/v2\/media?parent=1652"}],"curies":[{"name":"wp","href":"https:\/\/api.w.org\/{rel}","templated":true}]}}