{"id":1654,"date":"2021-01-31T05:18:58","date_gmt":"2021-01-31T05:18:58","guid":{"rendered":"http:\/\/evolutionbasketball.ca\/?page_id=1654"},"modified":"2022-03-15T05:00:37","modified_gmt":"2022-03-15T05:00:37","slug":"chabine-tucker","status":"publish","type":"page","link":"http:\/\/evolutionbasketball.ca\/en\/about-us\/chabine-tucker\/","title":{"rendered":"Chabine Tucker"},"content":{"rendered":"<div data-vc-full-width=\"true\" data-vc-full-width-init=\"false\" class=\"vc_row wpb_row vc_row-fluid vc_custom_1612068830046 vc_row-has-fill scheme_dark\"><div class=\"wpb_column vc_column_container vc_col-sm-6 sc_layouts_column_icons_position_left\"><div class=\"vc_column-inner\"><div class=\"wpb_wrapper\"><div id=\"sc_content_2033857347\"\n\t\tclass=\"sc_content sc_content_default sc_float_center\"><div class=\"sc_content_container\"><div class=\"vc_row wpb_row vc_inner vc_row-fluid\"><div class=\"wpb_column vc_column_container vc_col-sm-12 sc_layouts_column_icons_position_left\"><div class=\"vc_column-inner\"><div class=\"wpb_wrapper\"><div id=\"sc_title_1187434408\"\n\t\tclass=\"scheme_dark sc_title sc_title_default  vc_custom_1647320417205\"><h6 class=\"sc_item_subtitle sc_title_subtitle sc_align_center sc_item_title_style_default\">2022 Season: U13 Girls Assistant Coach<\/h6><h3 class=\"sc_item_title sc_title_title sc_align_center sc_item_title_style_default\">Chabine Tucker<\/h3><\/div><!-- \/.sc_title -->\n\t<div class=\"wpb_text_column wpb_content_element\" >\n\t\t<div class=\"wpb_wrapper\">\n\t\t\t<p>Chabine Tucker grew up in the Ottawa area. He attended St. Patrick\u2019s High School and later Carleton University where he played basketball for the Ravens. After University, he coached multiple years with the Osgoode Bedrock Boys Basketball Organization and more recently with the GCBA Wolverines.  Chabine is currently involved with the Ottawa Guardsmen Boys Basketball and GCBA Girls Basketball programs.<\/p>\n<p>Chabine is currently involved with the Ottawa Guardsmen Boys Basketball and GCBA Girls Basketball programs.<\/p>\n<p>As a team lead for the OPS Hoopstars Program, Chabine merges his profession and passion for youth engagement: building and improving relationships one interaction at a time.<br \/>\nThe Evo Family is proud to have coach Chabine on their staff, he is a role model in the Ottawa community.<\/p>\n<p>E-mail: <a class=\"team\" href=\"mailto:info@evobasketball.ca\">info@evobasketball.ca<\/a><\/p>\n\n\t\t<\/div>\n\t<\/div>\n<\/div><\/div><\/div><\/div><div class=\"vc_empty_space  vc_custom_1482758718571 height_medium\"   style=\"height: 32px\"><span class=\"vc_empty_space_inner\"><\/span><\/div><\/div><\/div><!-- \/.sc_content --><div class=\"vc_empty_space  vc_custom_1482758870459 height_huge\"   style=\"height: 32px\"><span class=\"vc_empty_space_inner\"><\/span><\/div><\/div><\/div><\/div><div class=\"wpb_column vc_column_container vc_col-sm-6 sc_layouts_column_icons_position_left\"><div class=\"vc_column-inner\"><div class=\"wpb_wrapper\">\n\t<div  class=\"wpb_single_image wpb_content_element vc_align_center\">\n\t\t\n\t\t<figure class=\"wpb_wrapper vc_figure\">\n\t\t\t<div class=\"vc_single_image-wrapper   vc_box_border_grey\"><img width=\"600\" height=\"750\" src=\"http:\/\/evolutionbasketball.ca\/wp-content\/uploads\/2021\/01\/IMG_9089-1.png\" class=\"vc_single_image-img attachment-full\" alt=\"\" loading=\"lazy\" srcset=\"http:\/\/evolutionbasketball.ca\/wp-content\/uploads\/2021\/01\/IMG_9089-1.png 600w, http:\/\/evolutionbasketball.ca\/wp-content\/uploads\/2021\/01\/IMG_9089-1-240x300.png 240w, http:\/\/evolutionbasketball.ca\/wp-content\/uploads\/2021\/01\/IMG_9089-1-370x463.png 370w\" sizes=\"(max-width: 600px) 100vw, 600px\" \/><\/div>\n\t\t<\/figure>\n\t<\/div>\n<div class=\"vc_empty_space  vc_custom_1482758870459 height_huge\"   style=\"height: 32px\"><span class=\"vc_empty_space_inner\"><\/span><\/div><\/div><\/div><\/div><\/div><div class=\"vc_row-full-width vc_clearfix\"><\/div><div class=\"opn-row-pre-element\" data-id=\"\" data-gutter=\"\" data-opn_hide_navigation=\"\" data-opn_enable_overlay=\"\"><\/div>","protected":false},"excerpt":{"rendered":"2022 Season: U13 filles \u2013 entraineur adjointChabine Tucker Chabine Tucker a grandi dans la r\u00e9gion d'Ottawa. Il a fr\u00e9quent\u00e9 l'\u00e9cole secondaire St. Patrick, puis l'Universit\u00e9 Carleton, o\u00f9 il a jou\u00e9 au basket pour les Ravens. Apr\u00e8s l'universit\u00e9, il a \u00e9t\u00e9 entraineur pendant plusieurs ann\u00e9es avec l\u2019organisation de basket-ball Osgoode Bedrock, et plus r\u00e9cemment avec les GCBA Wolverines. Chabine est actuellement&hellip;","protected":false},"author":990002,"featured_media":0,"parent":317,"menu_order":0,"comment_status":"closed","ping_status":"closed","template":"","meta":[],"_links":{"self":[{"href":"http:\/\/evolutionbasketball.ca\/en\/wp-json\/wp\/v2\/pages\/1654"}],"collection":[{"href":"http:\/\/evolutionbasketball.ca\/en\/wp-json\/wp\/v2\/pages"}],"about":[{"href":"http:\/\/evolutionbasketball.ca\/en\/wp-json\/wp\/v2\/types\/page"}],"author":[{"embeddable":true,"href":"http:\/\/evolutionbasketball.ca\/en\/wp-json\/wp\/v2\/users\/990002"}],"replies":[{"embeddable":true,"href":"http:\/\/evolutionbasketball.ca\/en\/wp-json\/wp\/v2\/comments?post=1654"}],"version-history":[{"count":6,"href":"http:\/\/evolutionbasketball.ca\/en\/wp-json\/wp\/v2\/pages\/1654\/revisions"}],"predecessor-version":[{"id":2084,"href":"http:\/\/evolutionbasketball.ca\/en\/wp-json\/wp\/v2\/pages\/1654\/revisions\/2084"}],"up":[{"embeddable":true,"href":"http:\/\/evolutionbasketball.ca\/en\/wp-json\/wp\/v2\/pages\/317"}],"wp:attachment":[{"href":"http:\/\/evolutionbasketball.ca\/en\/wp-json\/wp\/v2\/media?parent=1654"}],"curies":[{"name":"wp","href":"https:\/\/api.w.org\/{rel}","templated":true}]}}