{"id":1718,"date":"2021-02-03T05:22:31","date_gmt":"2021-02-03T05:22:31","guid":{"rendered":"http:\/\/evolutionbasketball.ca\/?page_id=1718"},"modified":"2022-03-16T02:33:49","modified_gmt":"2022-03-16T02:33:49","slug":"summer-camps","status":"publish","type":"page","link":"http:\/\/evolutionbasketball.ca\/en\/summer-camps\/","title":{"rendered":"Summer Camp"},"content":{"rendered":"<div data-vc-full-width=\"true\" data-vc-full-width-init=\"false\" data-vc-stretch-content=\"true\" class=\"vc_row wpb_row vc_row-fluid vc_row-no-padding\"><div class=\"wpb_column vc_column_container vc_col-sm-12 sc_layouts_column_icons_position_left\"><div class=\"vc_column-inner\"><div class=\"wpb_wrapper\"><div class=\"wpb_revslider_element wpb_content_element\">\n\t\t\t<!-- START Summer Camps REVOLUTION SLIDER 6.2.2 --><p class=\"rs-p-wp-fix\"><\/p>\n\t\t\t<rs-module-wrap id=\"rev_slider_9_1_wrapper\" data-source=\"gallery\" style=\"background:transparent;padding:0;margin:0px auto;margin-top:0;margin-bottom:0;\">\n\t\t\t\t<rs-module id=\"rev_slider_9_1\" style=\"display:none;\" data-version=\"6.2.2\">\n\t\t\t\t\t<rs-slides>\n\t\t\t\t\t\t<rs-slide data-key=\"rs-27\" data-title=\"Slide\" data-duration=\"5000ms\" data-anim=\"ei:d;eo:d;s:50;r:0;t:fade;sl:d;\">\n\t\t\t\t\t\t\t<img src=\"\/\/evolutionbasketball.ca\/wp-content\/uploads\/2020\/12\/Evo-Basketball-About-Us.jpg\" title=\"Evo-Basketball&#8212;About-Us\" width=\"1800\" height=\"1200\" class=\"rev-slidebg\" data-no-retina>\n<!--\n\t\t\t\t\t\t\t--><p\n\t\t\t\t\t\t\t\tid=\"slider-9-slide-27-layer-1\" \n\t\t\t\t\t\t\t\tclass=\"rs-layer BigWhiteText\"\n\t\t\t\t\t\t\t\tdata-type=\"text\"\n\t\t\t\t\t\t\t\tdata-color=\"#ffffff\"\n\t\t\t\t\t\t\t\tdata-rsp_ch=\"on\"\n\t\t\t\t\t\t\t\tdata-xy=\"x:100px;y:b;yo:190px;\"\n\t\t\t\t\t\t\t\tdata-text=\"s:80;l:110;ls:0px;fw:700;a:center;\"\n\t\t\t\t\t\t\t\tdata-tst=\"w:3px;c:#232323;\"\n\t\t\t\t\t\t\t\tdata-frame_0=\"x:-175%;o:1;\"\n\t\t\t\t\t\t\t\tdata-frame_0_mask=\"u:t;x:100%;\"\n\t\t\t\t\t\t\t\tdata-frame_1=\"e:power3.out;sp:1000;\"\n\t\t\t\t\t\t\t\tdata-frame_1_mask=\"u:t;\"\n\t\t\t\t\t\t\t\tdata-frame_999=\"o:0;tp:600;st:w;sR:8000;\"\n\t\t\t\t\t\t\t\tstyle=\"z-index:5;font-family:Oswald;text-transform:uppercase;\"\n\t\t\t\t\t\t\t>SUMMER CAMP \n\t\t\t\t\t\t\t<\/p><!--\n\n\t\t\t\t\t\t\t--><rs-layer\n\t\t\t\t\t\t\t\tid=\"slider-9-slide-27-layer-2\" \n\t\t\t\t\t\t\t\tclass=\"SmallWhiteText\"\n\t\t\t\t\t\t\t\tdata-type=\"text\"\n\t\t\t\t\t\t\t\tdata-color=\"rgba(255, 255, 255, 1)\"\n\t\t\t\t\t\t\t\tdata-rsp_ch=\"on\"\n\t\t\t\t\t\t\t\tdata-xy=\"x:100px;y:c;yo:130px;\"\n\t\t\t\t\t\t\t\tdata-text=\"s:30;l:28;fw:300;a:center;\"\n\t\t\t\t\t\t\t\tdata-frame_0=\"x:-175%;o:1;\"\n\t\t\t\t\t\t\t\tdata-frame_0_mask=\"u:t;x:100%;\"\n\t\t\t\t\t\t\t\tdata-frame_1=\"e:power3.out;sp:1000;\"\n\t\t\t\t\t\t\t\tdata-frame_1_mask=\"u:t;\"\n\t\t\t\t\t\t\t\tdata-frame_999=\"o:0;tp:600;st:w;sR:8000;\"\n\t\t\t\t\t\t\t\tstyle=\"z-index:6;font-family:Oswald;\"\n\t\t\t\t\t\t\t>PROGRAMS \n\t\t\t\t\t\t\t<\/rs-layer><!--\n-->\t\t\t\t\t\t<\/rs-slide>\n\t\t\t\t\t<\/rs-slides>\n\t\t\t\t\t<rs-progress class=\"rs-bottom\" style=\"visibility: hidden !important;\"><\/rs-progress>\n\t\t\t\t<\/rs-module>\n\t\t\t\t<script type=\"text\/javascript\">\n\t\t\t\t\tsetREVStartSize({c: 'rev_slider_9_1',rl:[1240,1024,778,480],el:[894],gw:[1240],gh:[894],type:'standard',justify:'',layout:'fullwidth',mh:\"0\"});\n\t\t\t\t\tvar\trevapi9,\n\t\t\t\t\t\ttpj;\n\t\t\t\t\tjQuery(function() {\n\t\t\t\t\t\ttpj = jQuery;\n\t\t\t\t\t\tif(tpj(\"#rev_slider_9_1\").revolution == undefined){\n\t\t\t\t\t\t\trevslider_showDoubleJqueryError(\"#rev_slider_9_1\");\n\t\t\t\t\t\t}else{\n\t\t\t\t\t\t\trevapi9 = tpj(\"#rev_slider_9_1\").show().revolution({\n\t\t\t\t\t\t\t\tjsFileLocation:\"\/\/evolutionbasketball.ca\/wp-content\/plugins\/revslider\/public\/assets\/js\/\",\n\t\t\t\t\t\t\t\tsliderLayout:\"fullwidth\",\n\t\t\t\t\t\t\t\tvisibilityLevels:\"1240,1024,778,480\",\n\t\t\t\t\t\t\t\tgridwidth:1240,\n\t\t\t\t\t\t\t\tgridheight:894,\n\t\t\t\t\t\t\t\tspinner:\"spinner0\",\n\t\t\t\t\t\t\t\teditorheight:\"894,768,960,720\",\n\t\t\t\t\t\t\t\tresponsiveLevels:\"1240,1024,778,480\",\n\t\t\t\t\t\t\t\tdisableProgressBar:\"on\",\n\t\t\t\t\t\t\t\tnavigation: {\n\t\t\t\t\t\t\t\t\tmouseScrollNavigation:false,\n\t\t\t\t\t\t\t\t\tonHoverStop:false,\n\t\t\t\t\t\t\t\t\ttouch: {\n\t\t\t\t\t\t\t\t\t\ttouchenabled:true\n\t\t\t\t\t\t\t\t\t}\n\t\t\t\t\t\t\t\t},\n\t\t\t\t\t\t\t\tfallbacks: {\n\t\t\t\t\t\t\t\t\tallowHTML5AutoPlayOnAndroid:true\n\t\t\t\t\t\t\t\t},\n\t\t\t\t\t\t\t});\n\t\t\t\t\t\t}\n\t\t\t\t\t\t\n\t\t\t\t\t});\n\t\t\t\t<\/script>\n\t\t\t<\/rs-module-wrap>\n\t\t\t<!-- END REVOLUTION SLIDER -->\n<\/div><\/div><\/div><\/div><\/div><div class=\"vc_row-full-width vc_clearfix\"><\/div><div class=\"opn-row-pre-element\" data-id=\"\" data-gutter=\"\" data-opn_hide_navigation=\"\" data-opn_enable_overlay=\"\"><\/div><div data-vc-full-width=\"true\" data-vc-full-width-init=\"false\" data-vc-stretch-content=\"true\" class=\"vc_row wpb_row vc_row-fluid vc_custom_1609530811450 vc_row-has-fill\"><div class=\"wpb_column vc_column_container vc_col-sm-6 sc_layouts_column_icons_position_left\"><div class=\"vc_column-inner\"><div class=\"wpb_wrapper\">\n\t<div  class=\"wpb_single_image wpb_content_element vc_align_center\">\n\t\t\n\t\t<figure class=\"wpb_wrapper vc_figure\">\n\t\t\t<div class=\"vc_single_image-wrapper   vc_box_border_grey\"><img width=\"900\" height=\"665\" src=\"http:\/\/evolutionbasketball.ca\/wp-content\/uploads\/2022\/03\/Campsportrait.png\" class=\"vc_single_image-img attachment-full\" alt=\"\" loading=\"lazy\" srcset=\"http:\/\/evolutionbasketball.ca\/wp-content\/uploads\/2022\/03\/Campsportrait.png 900w, http:\/\/evolutionbasketball.ca\/wp-content\/uploads\/2022\/03\/Campsportrait-300x222.png 300w, http:\/\/evolutionbasketball.ca\/wp-content\/uploads\/2022\/03\/Campsportrait-768x567.png 768w, http:\/\/evolutionbasketball.ca\/wp-content\/uploads\/2022\/03\/Campsportrait-16x12.png 16w, http:\/\/evolutionbasketball.ca\/wp-content\/uploads\/2022\/03\/Campsportrait-370x273.png 370w, http:\/\/evolutionbasketball.ca\/wp-content\/uploads\/2022\/03\/Campsportrait-770x569.png 770w\" sizes=\"(max-width: 900px) 100vw, 900px\" \/><\/div>\n\t\t<\/figure>\n\t<\/div>\n<\/div><\/div><\/div><div class=\"wpb_column vc_column_container vc_col-sm-6 sc_layouts_column_icons_position_left\"><div class=\"vc_column-inner\"><div class=\"wpb_wrapper\"><div id=\"sc_content_1422200723\"\n\t\tclass=\"scheme_dark sc_content sc_content_default sc_float_center sc_align_left  vc_custom_1647398026530\"><h6 class=\"sc_item_subtitle sc_content_subtitle sc_align_left sc_item_title_style_default\">PROGRAMS<\/h6><h3 class=\"sc_item_title sc_content_title sc_align_left sc_item_title_style_default\">Summer Camp<\/h3><div class=\"sc_content_container\"><div class=\"vc_row wpb_row vc_inner vc_row-fluid scheme_dark\"><div class=\"wpb_column vc_column_container vc_col-sm-12 sc_layouts_column_icons_position_left scheme_dark\"><div class=\"vc_column-inner\"><div class=\"wpb_wrapper\">\n\t<div class=\"wpb_text_column wpb_content_element\" >\n\t\t<div class=\"wpb_wrapper\">\n\t\t\t<p>Evolution Basketball camps provide opportunities for your young athletes to get better and gain confidence in their abilities in order to fulfil their potential. Our camps are developed and coordinated by experienced coaches, and the camp councillors reinforce positive energy in a fun and competitive environment. Campers will receive quality instruction from experienced athletes and coaches.<\/p>\n<p>Evo camps provide players the opportunity to learn the fundamentals of the game, skills, and offensive and defensive team concepts. Campers will gain confidence and improve their skills in a fun and positive environment that includes various drills and organized games.<\/p>\n<p>Evolution Basketball offers high-performance instruction for players of all skill levels. Whether you are new to the game, an advanced basketball player, or simply looking to add some technical elements to your skills and stay sharp, our camps and drills are sure to help!<\/p>\n<p>All camps focus on skill development, proper technique, and most importantly, having fun! Register for an upcoming camp and work with skilled performance and basketball trainers to get ahead of the competition.<\/p>\n\n\t\t<\/div>\n\t<\/div>\n<\/div><\/div><\/div><\/div><div class=\"vc_empty_space  vc_custom_1482758718571 height_medium\"   style=\"height: 32px\"><span class=\"vc_empty_space_inner\"><\/span><\/div><div class=\"sc_item_button sc_button_wrap\"><a href=\"http:\/\/evolutionbasketball.ca\/en\/registration\/\" id=\"sc_button_960031752\" class=\"sc_button sc_button_default sc_button_size_normal sc_button_icon_left\"><span class=\"sc_button_text\"><span class=\"sc_button_title\">Register Today<\/span><\/span><!-- \/.sc_button_text --><\/a><!-- \/.sc_button --><\/div><!-- \/.sc_item_button --><\/div><\/div><!-- \/.sc_content --><\/div><\/div><\/div><\/div><div class=\"vc_row-full-width vc_clearfix\"><\/div><div class=\"opn-row-pre-element\" data-id=\"\" data-gutter=\"\" data-opn_hide_navigation=\"\" data-opn_enable_overlay=\"\"><\/div><div data-vc-full-width=\"true\" data-vc-full-width-init=\"false\" class=\"vc_row wpb_row vc_row-fluid vc_custom_1612327641587 vc_row-has-fill\"><div class=\"wpb_column vc_column_container vc_col-sm-12 sc_layouts_column_icons_position_left\"><div class=\"vc_column-inner\"><div class=\"wpb_wrapper\"><div id=\"sc_title_131053388\"\n\t\tclass=\"scheme_dark sc_title sc_title_default\"><h6 class=\"sc_item_subtitle sc_title_subtitle sc_align_center sc_item_title_style_default\">Skills Training<\/h6><h3 class=\"sc_item_title sc_title_title sc_align_center sc_item_title_style_default\">Continuous Improvement<\/h3><\/div><!-- \/.sc_title --><div class=\"vc_row wpb_row vc_inner vc_row-fluid vc_custom_1626927191762\"><div class=\"wpb_column vc_column_container vc_col-sm-1\/5 sc_layouts_column_icons_position_left\"><div class=\"vc_column-inner\"><div class=\"wpb_wrapper\">\n\t<div  class=\"wpb_single_image wpb_content_element vc_align_center\">\n\t\t\n\t\t<figure class=\"wpb_wrapper vc_figure\">\n\t\t\t<div class=\"vc_single_image-wrapper vc_box_circle  vc_box_border_grey\"><img class=\"vc_single_image-img\" src=\"http:\/\/evolutionbasketball.ca\/wp-content\/uploads\/2020\/12\/RespectIcon500x500-100x100.png\" width=\"100\" height=\"100\" alt=\"RespectIcon500x500\" title=\"RespectIcon500x500\" \/><\/div>\n\t\t<\/figure>\n\t<\/div>\n\n\t<div class=\"wpb_text_column wpb_content_element  vc_custom_1612241635925\" >\n\t\t<div class=\"wpb_wrapper\">\n\t\t\t<p style=\"text-align: center;\"><span style=\"color: #ffffff;\"><strong><span style=\"font-size: 14pt; text-align: center;\">RESPECT<\/span><\/strong><\/span><\/p>\n\n\t\t<\/div>\n\t<\/div>\n<\/div><\/div><\/div><div class=\"wpb_column vc_column_container vc_col-sm-1\/5 sc_layouts_column_icons_position_left\"><div class=\"vc_column-inner\"><div class=\"wpb_wrapper\">\n\t<div  class=\"wpb_single_image wpb_content_element vc_align_center\">\n\t\t\n\t\t<figure class=\"wpb_wrapper vc_figure\">\n\t\t\t<div class=\"vc_single_image-wrapper vc_box_circle  vc_box_border_grey\"><img class=\"vc_single_image-img\" src=\"http:\/\/evolutionbasketball.ca\/wp-content\/uploads\/2020\/12\/FunIcon500x500-100x100.png\" width=\"100\" height=\"100\" alt=\"FunIcon500x500\" title=\"FunIcon500x500\" \/><\/div>\n\t\t<\/figure>\n\t<\/div>\n\n\t<div class=\"wpb_text_column wpb_content_element  vc_custom_1612241640575\" >\n\t\t<div class=\"wpb_wrapper\">\n\t\t\t<p style=\"text-align: center;\"><span style=\"color: #ffffff;\"><strong><span style=\"font-size: 14pt; text-align: center;\">FUN<\/span><\/strong><\/span><\/p>\n\n\t\t<\/div>\n\t<\/div>\n<\/div><\/div><\/div><div class=\"wpb_column vc_column_container vc_col-sm-1\/5 sc_layouts_column_icons_position_left\"><div class=\"vc_column-inner\"><div class=\"wpb_wrapper\">\n\t<div  class=\"wpb_single_image wpb_content_element vc_align_center\">\n\t\t\n\t\t<figure class=\"wpb_wrapper vc_figure\">\n\t\t\t<div class=\"vc_single_image-wrapper vc_box_circle  vc_box_border_grey\"><img class=\"vc_single_image-img\" src=\"http:\/\/evolutionbasketball.ca\/wp-content\/uploads\/2020\/12\/LearningIcon500x500-100x100.png\" width=\"100\" height=\"100\" alt=\"LearningIcon500x500\" title=\"LearningIcon500x500\" \/><\/div>\n\t\t<\/figure>\n\t<\/div>\n\n\t<div class=\"wpb_text_column wpb_content_element  vc_custom_1612241645962\" >\n\t\t<div class=\"wpb_wrapper\">\n\t\t\t<p style=\"text-align: center;\"><span style=\"color: #ffffff;\"><strong><span style=\"font-size: 14pt; text-align: center;\">LEARNING<\/span><\/strong><\/span><\/p>\n\n\t\t<\/div>\n\t<\/div>\n<\/div><\/div><\/div><div class=\"wpb_column vc_column_container vc_col-sm-1\/5 sc_layouts_column_icons_position_left\"><div class=\"vc_column-inner\"><div class=\"wpb_wrapper\">\n\t<div  class=\"wpb_single_image wpb_content_element vc_align_center\">\n\t\t\n\t\t<figure class=\"wpb_wrapper vc_figure\">\n\t\t\t<div class=\"vc_single_image-wrapper vc_box_circle  vc_box_border_grey\"><img class=\"vc_single_image-img\" src=\"http:\/\/evolutionbasketball.ca\/wp-content\/uploads\/2020\/12\/DisciplineIcon500x500-100x100.png\" width=\"100\" height=\"100\" alt=\"DisciplineIcon500x500\" title=\"DisciplineIcon500x500\" \/><\/div>\n\t\t<\/figure>\n\t<\/div>\n\n\t<div class=\"wpb_text_column wpb_content_element  vc_custom_1612241651743\" >\n\t\t<div class=\"wpb_wrapper\">\n\t\t\t<p style=\"text-align: center;\"><span style=\"color: #ffffff;\"><strong><span style=\"font-size: 14pt; text-align: center;\">DISCIPLINE<\/span><\/strong><\/span><\/p>\n\n\t\t<\/div>\n\t<\/div>\n<\/div><\/div><\/div><div class=\"wpb_column vc_column_container vc_col-sm-1\/5 sc_layouts_column_icons_position_left\"><div class=\"vc_column-inner\"><div class=\"wpb_wrapper\">\n\t<div  class=\"wpb_single_image wpb_content_element vc_align_center\">\n\t\t\n\t\t<figure class=\"wpb_wrapper vc_figure\">\n\t\t\t<div class=\"vc_single_image-wrapper vc_box_circle  vc_box_border_grey\"><img class=\"vc_single_image-img\" src=\"http:\/\/evolutionbasketball.ca\/wp-content\/uploads\/2020\/12\/SuccessIcon500x500-100x100.png\" width=\"100\" height=\"100\" alt=\"SuccessIcon500x500\" title=\"SuccessIcon500x500\" \/><\/div>\n\t\t<\/figure>\n\t<\/div>\n\n\t<div class=\"wpb_text_column wpb_content_element  vc_custom_1612241660864\" >\n\t\t<div class=\"wpb_wrapper\">\n\t\t\t<p style=\"text-align: center;\"><span style=\"color: #ffffff;\"><strong><span style=\"font-size: 14pt; text-align: center;\">SUCCESS<\/span><\/strong><\/span><\/p>\n\n\t\t<\/div>\n\t<\/div>\n<\/div><\/div><\/div><\/div><\/div><\/div><\/div><\/div><div class=\"vc_row-full-width vc_clearfix\"><\/div><div class=\"opn-row-pre-element\" data-id=\"\" data-gutter=\"\" data-opn_hide_navigation=\"\" data-opn_enable_overlay=\"\"><\/div><div data-vc-full-width=\"true\" data-vc-full-width-init=\"false\" data-vc-stretch-content=\"true\" class=\"vc_row wpb_row vc_row-fluid vc_custom_1612244454518 vc_row-has-fill vc_row-no-padding\"><div class=\"wpb_column vc_column_container vc_col-sm-12 sc_layouts_column_icons_position_left\"><div class=\"vc_column-inner\"><div class=\"wpb_wrapper\">\n\t<div class=\"wpb_text_column wpb_content_element\" >\n\t\t<div class=\"wpb_wrapper\">\n\t\t\t<div class=\"wpcp-carousel-wrapper wpcp-wrapper-1731\"><div id=\"wpcp-preloader-1731\" class=\"wpcp-carousel-preloader\"><img src=\" http:\/\/evolutionbasketball.ca\/wp-content\/plugins\/wp-carousel-free\/public\/css\/ajax-loader.gif \"\/><\/div><div id=\"sp-wp-carousel-free-id-1731\" class=\"wpcp-carousel-section sp-wpcp-1731 nav-vertical-center wpcp-image-carousel wpcp-preloader wpcp-standard\" data-slick='{ \"accessibility\":true, \"arrows\":false, \"autoplay\":true, \"autoplaySpeed\":4000, \"dots\":false, \"infinite\":true, \"speed\":900, \"pauseOnHover\":false, \"slidesToShow\":2, \"responsive\":[ { \"breakpoint\":1200, \"settings\": { \"slidesToShow\":1 } }, { \"breakpoint\":980, \"settings\":{ \"slidesToShow\":1 } }, { \"breakpoint\":736, \"settings\": { \"slidesToShow\":2 } }, {\"breakpoint\":480, \"settings\":{ \"slidesToShow\":1, \"arrows\": false, \"dots\": false } } ], \"rtl\":false, \"swipe\": true, \"draggable\": true, \"swipeToSlide\":false }'   dir=\"ltr\"><div class=\"wpcp-single-item\"><div class=\"wpcp-slide-image\"><img src=\"http:\/\/evolutionbasketball.ca\/wp-content\/uploads\/2021\/02\/Camps-Green-Girls-Group.jpg\" alt=\"Camps-Green-Girls-Group\" width=\"1000\" height=\"663\"><\/div><\/div><div class=\"wpcp-single-item\"><div class=\"wpcp-slide-image\"><img src=\"http:\/\/evolutionbasketball.ca\/wp-content\/uploads\/2021\/02\/Camps-Jerseys.jpg\" alt=\"Camps-Jerseys\" width=\"1000\" height=\"663\"><\/div><\/div><div class=\"wpcp-single-item\"><div class=\"wpcp-slide-image\"><img src=\"http:\/\/evolutionbasketball.ca\/wp-content\/uploads\/2021\/02\/Camps-Team-Talk.jpg\" alt=\"Camps-Team-Talk\" width=\"1000\" height=\"663\"><\/div><\/div><div class=\"wpcp-single-item\"><div class=\"wpcp-slide-image\"><img src=\"http:\/\/evolutionbasketball.ca\/wp-content\/uploads\/2021\/02\/Camps-Laugh.jpg\" alt=\"Camps-Laugh\" width=\"1000\" height=\"663\"><\/div><\/div><div class=\"wpcp-single-item\"><div class=\"wpcp-slide-image\"><img src=\"http:\/\/evolutionbasketball.ca\/wp-content\/uploads\/2021\/02\/Camps-Drills.jpg\" alt=\"Camps-Drills\" width=\"1000\" height=\"663\"><\/div><\/div><div class=\"wpcp-single-item\"><div class=\"wpcp-slide-image\"><img src=\"http:\/\/evolutionbasketball.ca\/wp-content\/uploads\/2021\/02\/Camps-Tactics.jpg\" alt=\"Camps-Tactics\" width=\"1000\" height=\"663\"><\/div><\/div><\/div><\/div>\n\n\t\t<\/div>\n\t<\/div>\n<div class=\"vc_empty_space  height_large\"   style=\"height: 2em\"><span class=\"vc_empty_space_inner\"><\/span><\/div><\/div><\/div><\/div><\/div><div class=\"vc_row-full-width vc_clearfix\"><\/div><div class=\"opn-row-pre-element\" data-id=\"\" data-gutter=\"\" data-opn_hide_navigation=\"\" data-opn_enable_overlay=\"\"><\/div><div data-vc-full-width=\"true\" data-vc-full-width-init=\"false\" data-vc-stretch-content=\"true\" class=\"vc_row wpb_row vc_row-fluid vc_custom_1612241864292 vc_row-has-fill\"><div class=\"wpb_column vc_column_container vc_col-sm-12 sc_layouts_column_icons_position_left\"><div class=\"vc_column-inner\"><div class=\"wpb_wrapper\">\n\t<div class=\"wpb_text_column wpb_content_element  vc_custom_1647397832776\" >\n\t\t<div class=\"wpb_wrapper\">\n\t\t\t<p style=\"text-align: center;\"><span style=\"font-size: 24pt; color: #fff;\">Film study to review practices and games is a big component of our summer program as an effective tool used to ensure our players achieve the required level of attention to detail in order to be successful.<br \/>\n<\/span><\/p>\n\n\t\t<\/div>\n\t<\/div>\n<\/div><\/div><\/div><\/div><div class=\"vc_row-full-width vc_clearfix\"><\/div><div class=\"opn-row-pre-element\" data-id=\"\" data-gutter=\"\" data-opn_hide_navigation=\"\" data-opn_enable_overlay=\"\"><\/div><div data-vc-full-width=\"true\" data-vc-full-width-init=\"false\" data-vc-stretch-content=\"true\" class=\"vc_row wpb_row vc_row-fluid vc_custom_1645586719740 vc_row-has-fill\"><div class=\"wpb_column vc_column_container vc_col-sm-12 vc_col-has-fill sc_layouts_column_icons_position_left\"><div class=\"vc_column-inner vc_custom_1627015934055\"><div class=\"wpb_wrapper\">\n\t<div class=\"wpb_text_column wpb_content_element\" >\n\t\t<div class=\"wpb_wrapper\">\n\t\t\t<h3 style=\"text-align: center; font-size: 24pt; color: #fff;\">Help us grow!<\/h3>\n\n\t\t<\/div>\n\t<\/div>\n<div class=\"vc_row wpb_row vc_inner vc_row-fluid\"><div class=\"wpb_column vc_column_container vc_col-sm-6 sc_layouts_column_icons_position_left\"><div class=\"vc_column-inner\"><div class=\"wpb_wrapper\">\n\t<div class=\"wpb_text_column wpb_content_element  vc_custom_1647397800966\" >\n\t\t<div class=\"wpb_wrapper\">\n\t\t\t<h3 style=\"text-align: center; font-size: 21pt; color: #fff;\">Donate<\/h3>\n<p style=\"text-align: center;\"><span style=\"font-size: 15pt; color: #fff;\">Each year, Evolution Basketball coaches and volunteers help support players in need of financial assistance. You can also make a difference and help contribute to the Evo Family. Click on the \u201cDonate Now\u201d button to help Evolution Basketball better support its players and continue to provide them with great development opportunities, quality coaching, and a positive experience where they will learn leadership, sportsmanship, teamwork and respect.<\/span><\/p>\n<p style=\"text-align: center;\"><span style=\"font-size: 15pt; color: #fff;\">Your donations will help support players in need and will have an immediate impact by helping to remove barriers preventing kids\u2019 participation in our various programs. Your donations will be used to:<\/span><\/p>\n<ul style=\"font-size: 15pt; color: #fff;\">\n<li>reduce registrations fees to various programs<\/li>\n<li>sponsor a kid in need of financial assistance to attend a camp or training program<\/li>\n<li>lower travel cost for teams to attend top tier AAU tournaments in the States<\/li>\n<li>purchase innovative training equipment<\/li>\n<\/ul>\n<div style=\"text-align: center;\">\n<form action=\"https:\/\/www.paypal.com\/donate\" method=\"post\" target=\"_top\" data-trp-original-action=\"https:\/\/www.paypal.com\/donate\"><input name=\"business\" type=\"hidden\" value=\"L7SDULB8Y2XCG\" \/><br \/>\n<input name=\"currency_code\" type=\"hidden\" value=\"CAD\" \/><br \/>\n<input title=\"PayPal - The safer, easier way to pay online!\" alt=\"Donate with PayPal button\" name=\"submit\" src=\"https:\/\/www.paypalobjects.com\/en_US\/i\/btn\/btn_donateCC_LG.gif\" type=\"image\" \/><br \/>\n<img loading=\"lazy\" src=\"https:\/\/www.paypal.com\/en_CA\/i\/scr\/pixel.gif\" alt=\"\" width=\"1\" height=\"1\" border=\"0\" \/><input type=\"hidden\" name=\"trp-form-language\" value=\"en\"\/><\/form>\n<\/div>\n\n\t\t<\/div>\n\t<\/div>\n<\/div><\/div><\/div><div class=\"wpb_column vc_column_container vc_col-sm-6 sc_layouts_column_icons_position_left\"><div class=\"vc_column-inner vc_custom_1645586672961\"><div class=\"wpb_wrapper\">\n\t<div class=\"wpb_text_column wpb_content_element  vc_custom_1645586082867\" >\n\t\t<div class=\"wpb_wrapper\">\n\t\t\t<h3 style=\"text-align: center; font-size: 21pt; color: #fff;\">Join the Evo Family<\/h3>\n\n\t\t<\/div>\n\t<\/div>\n<div role=\"form\" class=\"wpcf7\" id=\"wpcf7-f1504-o1\" lang=\"en-US\" dir=\"ltr\">\n<div class=\"screen-reader-response\"><p role=\"status\" aria-live=\"polite\" aria-atomic=\"true\"><\/p> <ul><\/ul><\/div>\n<form action=\"\/en\/wp-json\/wp\/v2\/pages\/1718#wpcf7-f1504-o1\" method=\"post\" class=\"wpcf7-form init\" novalidate=\"novalidate\" data-status=\"init\" data-trp-original-action=\"\/en\/wp-json\/wp\/v2\/pages\/1718#wpcf7-f1504-o1\">\n<div style=\"display: none;\">\n<input type=\"hidden\" name=\"_wpcf7\" value=\"1504\" \/>\n<input type=\"hidden\" name=\"_wpcf7_version\" value=\"5.4.2\" \/>\n<input type=\"hidden\" name=\"_wpcf7_locale\" value=\"en_US\" \/>\n<input type=\"hidden\" name=\"_wpcf7_unit_tag\" value=\"wpcf7-f1504-o1\" \/>\n<input type=\"hidden\" name=\"_wpcf7_container_post\" value=\"0\" \/>\n<input type=\"hidden\" name=\"_wpcf7_posted_data_hash\" value=\"\" \/>\n<\/div>\n<p><label><span class=\"wpcf7-form-control-wrap your-name\"><input type=\"text\" name=\"your-name\" value=\"\" size=\"40\" class=\"wpcf7-form-control wpcf7-text wpcf7-validates-as-required\" aria-required=\"true\" aria-invalid=\"false\" placeholder=\"Your Name\" \/><\/span> <\/label> <\/p>\n<p><label><span class=\"wpcf7-form-control-wrap your-email\"><input type=\"email\" name=\"your-email\" value=\"\" size=\"40\" class=\"wpcf7-form-control wpcf7-text wpcf7-email wpcf7-validates-as-required wpcf7-validates-as-email\" aria-required=\"true\" aria-invalid=\"false\" placeholder=\"Your Email\" \/><\/span> <\/label><\/p>\n<p><label><span class=\"wpcf7-form-control-wrap your-message\"><textarea name=\"your-message\" cols=\"40\" rows=\"10\" class=\"wpcf7-form-control wpcf7-textarea\" aria-invalid=\"false\" placeholder=\"Looking to be a part of the Evo Family and volunteer or work as a camp councillor, coach, or trainer? Paid positions are limited, but please send us a message to let us know about yourself, your experience, and to communicate your areas of interest (e.g. camp councillor, trainer, coach for AAU summer season, or helper\/apprentice).\"><\/textarea><\/span><\/label><\/p>\n<p><input type=\"submit\" value=\"Send\" class=\"wpcf7-form-control wpcf7-submit\" \/><\/p>\n<div class=\"wpcf7-response-output\" aria-hidden=\"true\"><\/div><input type=\"hidden\" name=\"trp-form-language\" value=\"en\"\/><\/form><\/div><\/div><\/div><\/div><\/div><\/div><\/div><\/div><\/div><div class=\"vc_row-full-width vc_clearfix\"><\/div><div class=\"opn-row-pre-element\" data-id=\"\" data-gutter=\"\" data-opn_hide_navigation=\"\" data-opn_enable_overlay=\"\"><\/div>","protected":false},"excerpt":{"rendered":"CAMP D'\u00c9T\u00c9 PROGRAMMES PROGRAMScamp d'\u00e9t\u00e9 Les camps d\u2019\u00c9volution Basketball offrent aux jeunes athl\u00e8tes la possibilit\u00e9 de s'am\u00e9liorer et de prendre confiance en leurs habilet\u00e9s afin de r\u00e9aliser leur potentiel. Nos camps sont d\u00e9velopp\u00e9s et coordonn\u00e9s par des entra\u00eeneurs exp\u00e9riment\u00e9s, et les monitors de camps renforcent l'\u00e9nergie positive dans un environnement amusant et comp\u00e9titif. Les campeurs recevront un enseignement de qualit\u00e9&hellip;","protected":false},"author":990002,"featured_media":0,"parent":0,"menu_order":0,"comment_status":"closed","ping_status":"closed","template":"","meta":[],"_links":{"self":[{"href":"http:\/\/evolutionbasketball.ca\/en\/wp-json\/wp\/v2\/pages\/1718"}],"collection":[{"href":"http:\/\/evolutionbasketball.ca\/en\/wp-json\/wp\/v2\/pages"}],"about":[{"href":"http:\/\/evolutionbasketball.ca\/en\/wp-json\/wp\/v2\/types\/page"}],"author":[{"embeddable":true,"href":"http:\/\/evolutionbasketball.ca\/en\/wp-json\/wp\/v2\/users\/990002"}],"replies":[{"embeddable":true,"href":"http:\/\/evolutionbasketball.ca\/en\/wp-json\/wp\/v2\/comments?post=1718"}],"version-history":[{"count":35,"href":"http:\/\/evolutionbasketball.ca\/en\/wp-json\/wp\/v2\/pages\/1718\/revisions"}],"predecessor-version":[{"id":2095,"href":"http:\/\/evolutionbasketball.ca\/en\/wp-json\/wp\/v2\/pages\/1718\/revisions\/2095"}],"wp:attachment":[{"href":"http:\/\/evolutionbasketball.ca\/en\/wp-json\/wp\/v2\/media?parent=1718"}],"curies":[{"name":"wp","href":"https:\/\/api.w.org\/{rel}","templated":true}]}}