{"id":2119,"date":"2022-05-06T04:13:00","date_gmt":"2022-05-06T04:13:00","guid":{"rendered":"http:\/\/evolutionbasketball.ca\/?page_id=2119"},"modified":"2022-05-06T04:46:58","modified_gmt":"2022-05-06T04:46:58","slug":"community-partners","status":"publish","type":"page","link":"http:\/\/evolutionbasketball.ca\/en\/community-partners\/","title":{"rendered":"Community Partners"},"content":{"rendered":"<div class=\"vc_row wpb_row vc_row-fluid\"><div class=\"wpb_column vc_column_container vc_col-sm-12 sc_layouts_column_icons_position_left\"><div class=\"vc_column-inner\"><div class=\"wpb_wrapper\"><div class=\"vc_empty_space  vc_custom_1481295484252 height_large\"   style=\"height: 32px\"><span class=\"vc_empty_space_inner\"><\/span><\/div><div id=\"sc_title_1657460370\"\n\t\tclass=\"sc_title sc_title_default\"><h6 class=\"sc_item_subtitle sc_title_subtitle sc_align_center sc_item_title_style_default\">Thank You<\/h6><h3 class=\"sc_item_title sc_title_title sc_align_center sc_item_title_style_default\">Community Partners<\/h3><\/div><!-- \/.sc_title --><\/div><\/div><\/div><\/div><div class=\"opn-row-pre-element\" data-id=\"\" data-gutter=\"\" data-opn_hide_navigation=\"\" data-opn_enable_overlay=\"\"><\/div><div data-vc-full-width=\"true\" data-vc-full-width-init=\"false\" class=\"vc_row wpb_row vc_row-fluid vc_custom_1620881564447 vc_row-has-fill scheme_default\"><div class=\"wpb_column vc_column_container vc_col-sm-12 sc_layouts_column_icons_position_left\"><div class=\"vc_column-inner\"><div class=\"wpb_wrapper\">\n\t<div class=\"wpb_text_column wpb_content_element  vc_custom_1651811797813\" >\n\t\t<div class=\"wpb_wrapper\">\n\t\t\t<p style=\"text-align: center;\"><span style=\"font-size: 18pt; color: #333;\">The Evo Family would like to thank the many partners that have shown support to Evolution Basketball. We really appreciate the people and organizations below that have contributed to our success.<\/span><\/p>\n\n\t\t<\/div>\n\t<\/div>\n<div class=\"vc_empty_space  vc_custom_1481295627558 height_medium\"   style=\"height: 32px\"><span class=\"vc_empty_space_inner\"><\/span><\/div><\/div><\/div><\/div><\/div><div class=\"vc_row-full-width vc_clearfix\"><\/div><div class=\"opn-row-pre-element\" data-id=\"\" data-gutter=\"\" data-opn_hide_navigation=\"\" data-opn_enable_overlay=\"\"><\/div><div data-vc-full-width=\"true\" data-vc-full-width-init=\"false\" data-vc-stretch-content=\"true\" class=\"vc_row wpb_row vc_row-fluid vc_custom_1651811209843 vc_row-has-fill vc_row-no-padding\"><div class=\"wpb_column vc_column_container vc_col-sm-12 sc_layouts_column_icons_position_left\"><div class=\"vc_column-inner\"><div class=\"wpb_wrapper\"><div class=\"vc_empty_space  height_large\"   style=\"height: 32px\"><span class=\"vc_empty_space_inner\"><\/span><\/div><div id=\"sc_content_1199696156\"\n\t\tclass=\"sc_content sc_content_default sc_float_center sc_align_center\"><div class=\"sc_content_container\"><div class=\"vc_row wpb_row vc_inner vc_row-fluid vc_row-o-content-middle vc_row-flex\"><div class=\"wpb_column vc_column_container vc_col-sm-12 sc_layouts_column_icons_position_left\"><div class=\"vc_column-inner\"><div class=\"wpb_wrapper\">\n\t<div class=\"wpb_text_column wpb_content_element\" >\n\t\t<div class=\"wpb_wrapper\">\n\t\t\t<div class=\"wpcp-carousel-wrapper wpcp-wrapper-2122\"><div id=\"wpcp-preloader-2122\" class=\"wpcp-carousel-preloader\"><img src=\" http:\/\/evolutionbasketball.ca\/wp-content\/plugins\/wp-carousel-free\/public\/css\/ajax-loader.gif \"\/><\/div><div id=\"sp-wp-carousel-free-id-2122\" class=\"wpcp-carousel-section sp-wpcp-2122 nav-vertical-center wpcp-image-carousel wpcp-preloader wpcp-standard\" data-slick='{ \"accessibility\":true, \"arrows\":true, \"autoplay\":true, \"autoplaySpeed\":3000, \"dots\":false, \"infinite\":true, \"speed\":600, \"pauseOnHover\":true, \"slidesToShow\":4, \"responsive\":[ { \"breakpoint\":1200, \"settings\": { \"slidesToShow\":4 } }, { \"breakpoint\":980, \"settings\":{ \"slidesToShow\":3 } }, { \"breakpoint\":736, \"settings\": { \"slidesToShow\":2 } }, {\"breakpoint\":480, \"settings\":{ \"slidesToShow\":2, \"arrows\": true, \"dots\": false } } ], \"rtl\":false, \"swipe\": true, \"draggable\": true, \"swipeToSlide\":false }'   dir=\"ltr\"><div class=\"wpcp-single-item\"><div class=\"wpcp-slide-image\"><img src=\"http:\/\/evolutionbasketball.ca\/wp-content\/uploads\/2022\/05\/mifo_logo-fr-1563394794-300x205.png\" alt=\"mifo_logo-fr-1563394794\" width=\"300\" height=\"205\"><\/div><\/div><div class=\"wpcp-single-item\"><div class=\"wpcp-slide-image\"><img src=\"http:\/\/evolutionbasketball.ca\/wp-content\/uploads\/2022\/05\/Coyotes-Logo-300x251.png\" alt=\"Coyotes-Logo\" width=\"300\" height=\"251\"><\/div><\/div><div class=\"wpcp-single-item\"><div class=\"wpcp-slide-image\"><img src=\"http:\/\/evolutionbasketball.ca\/wp-content\/uploads\/2022\/05\/IMG_9808-300x97.png\" alt=\"IMG_9808\" width=\"300\" height=\"97\"><\/div><\/div><div class=\"wpcp-single-item\"><div class=\"wpcp-slide-image\"><img src=\"http:\/\/evolutionbasketball.ca\/wp-content\/uploads\/2022\/05\/IMG_9809-300x92.jpg\" alt=\"IMG_9809\" width=\"300\" height=\"92\"><\/div><\/div><\/div><\/div>\n\n\t\t<\/div>\n\t<\/div>\n<\/div><\/div><\/div><\/div><\/div><\/div><!-- \/.sc_content --><div class=\"vc_empty_space  height_large\"   style=\"height: 32px\"><span class=\"vc_empty_space_inner\"><\/span><\/div><\/div><\/div><\/div><\/div><div class=\"vc_row-full-width vc_clearfix\"><\/div><div class=\"opn-row-pre-element\" data-id=\"\" data-gutter=\"\" data-opn_hide_navigation=\"\" data-opn_enable_overlay=\"\"><\/div>","protected":false},"excerpt":{"rendered":"MerciPartenaires communautaires La famille Evo tient \u00e0 remercier les nombreux partenaires qui ont apport\u00e9 leur soutien \u00e0 \u00c9volution Basketball. Nous appr\u00e9cions beaucoup les personnes et les organisations ci-dessous qui ont contribu\u00e9 \u00e0 notre succ\u00e8s.","protected":false},"author":990002,"featured_media":0,"parent":0,"menu_order":0,"comment_status":"closed","ping_status":"closed","template":"","meta":[],"_links":{"self":[{"href":"http:\/\/evolutionbasketball.ca\/en\/wp-json\/wp\/v2\/pages\/2119"}],"collection":[{"href":"http:\/\/evolutionbasketball.ca\/en\/wp-json\/wp\/v2\/pages"}],"about":[{"href":"http:\/\/evolutionbasketball.ca\/en\/wp-json\/wp\/v2\/types\/page"}],"author":[{"embeddable":true,"href":"http:\/\/evolutionbasketball.ca\/en\/wp-json\/wp\/v2\/users\/990002"}],"replies":[{"embeddable":true,"href":"http:\/\/evolutionbasketball.ca\/en\/wp-json\/wp\/v2\/comments?post=2119"}],"version-history":[{"count":17,"href":"http:\/\/evolutionbasketball.ca\/en\/wp-json\/wp\/v2\/pages\/2119\/revisions"}],"predecessor-version":[{"id":2144,"href":"http:\/\/evolutionbasketball.ca\/en\/wp-json\/wp\/v2\/pages\/2119\/revisions\/2144"}],"wp:attachment":[{"href":"http:\/\/evolutionbasketball.ca\/en\/wp-json\/wp\/v2\/media?parent=2119"}],"curies":[{"name":"wp","href":"https:\/\/api.w.org\/{rel}","templated":true}]}}