{"id":317,"date":"2016-11-21T13:50:33","date_gmt":"2016-11-21T13:50:33","guid":{"rendered":"http:\/\/evolutionbasketball.ca\/?page_id=317"},"modified":"2022-03-15T04:55:44","modified_gmt":"2022-03-15T04:55:44","slug":"about-us","status":"publish","type":"page","link":"http:\/\/evolutionbasketball.ca\/en\/about-us\/","title":{"rendered":"About Us"},"content":{"rendered":"<div data-vc-full-width=\"true\" data-vc-full-width-init=\"false\" data-vc-stretch-content=\"true\" class=\"vc_row wpb_row vc_row-fluid vc_row-no-padding\"><div class=\"wpb_column vc_column_container vc_col-sm-12 sc_layouts_column_icons_position_left\"><div class=\"vc_column-inner\"><div class=\"wpb_wrapper\"><div class=\"wpb_revslider_element wpb_content_element\">\n\t\t\t<!-- START About Us REVOLUTION SLIDER 6.2.2 --><p class=\"rs-p-wp-fix\"><\/p>\n\t\t\t<rs-module-wrap id=\"rev_slider_6_1_wrapper\" data-source=\"gallery\" style=\"background:transparent;padding:0;margin:0px auto;margin-top:0;margin-bottom:0;\">\n\t\t\t\t<rs-module id=\"rev_slider_6_1\" style=\"display:none;\" data-version=\"6.2.2\">\n\t\t\t\t\t<rs-slides>\n\t\t\t\t\t\t<rs-slide data-key=\"rs-20\" data-title=\"Slide\" data-duration=\"5000ms\" data-anim=\"ei:d;eo:d;s:50;r:0;t:fade;sl:d;\">\n\t\t\t\t\t\t\t<img src=\"\/\/evolutionbasketball.ca\/wp-content\/uploads\/2021\/06\/Evo-Basketball-About-Us-Page.jpg\" title=\"Evo-Basketball&#8212;About-Us-Page\" width=\"1800\" height=\"1200\" data-panzoom=\"d:10000;ss:100;se:110;\" class=\"rev-slidebg\" data-no-retina>\n<!--\n\t\t\t\t\t\t\t--><p\n\t\t\t\t\t\t\t\tid=\"slider-6-slide-20-layer-1\" \n\t\t\t\t\t\t\t\tclass=\"rs-layer BigWhiteText\"\n\t\t\t\t\t\t\t\tdata-type=\"text\"\n\t\t\t\t\t\t\t\tdata-color=\"#ffffff\"\n\t\t\t\t\t\t\t\tdata-rsp_ch=\"on\"\n\t\t\t\t\t\t\t\tdata-xy=\"x:100px;y:b;yo:190px;\"\n\t\t\t\t\t\t\t\tdata-text=\"s:80;l:110;ls:0px;fw:700;a:center;\"\n\t\t\t\t\t\t\t\tdata-tst=\"w:3px;c:#232323;\"\n\t\t\t\t\t\t\t\tdata-frame_0=\"x:-175%;o:1;\"\n\t\t\t\t\t\t\t\tdata-frame_0_mask=\"u:t;x:100%;\"\n\t\t\t\t\t\t\t\tdata-frame_1=\"e:power3.out;sp:1000;\"\n\t\t\t\t\t\t\t\tdata-frame_1_mask=\"u:t;\"\n\t\t\t\t\t\t\t\tdata-frame_999=\"o:0;tp:600;st:w;sR:8000;\"\n\t\t\t\t\t\t\t\tstyle=\"z-index:5;font-family:Oswald;text-transform:uppercase;\"\n\t\t\t\t\t\t\t>About Us \n\t\t\t\t\t\t\t<\/p><!--\n\n\t\t\t\t\t\t\t--><rs-layer\n\t\t\t\t\t\t\t\tid=\"slider-6-slide-20-layer-2\" \n\t\t\t\t\t\t\t\tclass=\"SmallWhiteText\"\n\t\t\t\t\t\t\t\tdata-type=\"text\"\n\t\t\t\t\t\t\t\tdata-color=\"rgba(255, 255, 255, 1)\"\n\t\t\t\t\t\t\t\tdata-rsp_ch=\"on\"\n\t\t\t\t\t\t\t\tdata-xy=\"x:100px;y:c;yo:130px;\"\n\t\t\t\t\t\t\t\tdata-text=\"s:30;l:28;fw:300;a:center;\"\n\t\t\t\t\t\t\t\tdata-frame_0=\"x:-175%;o:1;\"\n\t\t\t\t\t\t\t\tdata-frame_0_mask=\"u:t;x:100%;\"\n\t\t\t\t\t\t\t\tdata-frame_1=\"e:power3.out;sp:1000;\"\n\t\t\t\t\t\t\t\tdata-frame_1_mask=\"u:t;\"\n\t\t\t\t\t\t\t\tdata-frame_999=\"o:0;tp:600;st:w;sR:8000;\"\n\t\t\t\t\t\t\t\tstyle=\"z-index:6;font-family:Oswald;\"\n\t\t\t\t\t\t\t>THE EVO FAMILY \n\t\t\t\t\t\t\t<\/rs-layer><!--\n-->\t\t\t\t\t\t<\/rs-slide>\n\t\t\t\t\t<\/rs-slides>\n\t\t\t\t\t<rs-progress class=\"rs-bottom\" style=\"visibility: hidden !important;\"><\/rs-progress>\n\t\t\t\t<\/rs-module>\n\t\t\t\t<script type=\"text\/javascript\">\n\t\t\t\t\tsetREVStartSize({c: 'rev_slider_6_1',rl:[1240,1024,778,480],el:[894],gw:[1240],gh:[894],type:'standard',justify:'',layout:'fullwidth',mh:\"0\"});\n\t\t\t\t\tvar\trevapi6,\n\t\t\t\t\t\ttpj;\n\t\t\t\t\tjQuery(function() {\n\t\t\t\t\t\ttpj = jQuery;\n\t\t\t\t\t\tif(tpj(\"#rev_slider_6_1\").revolution == undefined){\n\t\t\t\t\t\t\trevslider_showDoubleJqueryError(\"#rev_slider_6_1\");\n\t\t\t\t\t\t}else{\n\t\t\t\t\t\t\trevapi6 = tpj(\"#rev_slider_6_1\").show().revolution({\n\t\t\t\t\t\t\t\tjsFileLocation:\"\/\/evolutionbasketball.ca\/wp-content\/plugins\/revslider\/public\/assets\/js\/\",\n\t\t\t\t\t\t\t\tsliderLayout:\"fullwidth\",\n\t\t\t\t\t\t\t\tvisibilityLevels:\"1240,1024,778,480\",\n\t\t\t\t\t\t\t\tgridwidth:1240,\n\t\t\t\t\t\t\t\tgridheight:894,\n\t\t\t\t\t\t\t\tspinner:\"spinner0\",\n\t\t\t\t\t\t\t\teditorheight:\"894,768,960,720\",\n\t\t\t\t\t\t\t\tresponsiveLevels:\"1240,1024,778,480\",\n\t\t\t\t\t\t\t\tdisableProgressBar:\"on\",\n\t\t\t\t\t\t\t\tnavigation: {\n\t\t\t\t\t\t\t\t\tmouseScrollNavigation:false,\n\t\t\t\t\t\t\t\t\tonHoverStop:false,\n\t\t\t\t\t\t\t\t\ttouch: {\n\t\t\t\t\t\t\t\t\t\ttouchenabled:true\n\t\t\t\t\t\t\t\t\t}\n\t\t\t\t\t\t\t\t},\n\t\t\t\t\t\t\t\tfallbacks: {\n\t\t\t\t\t\t\t\t\tallowHTML5AutoPlayOnAndroid:true\n\t\t\t\t\t\t\t\t},\n\t\t\t\t\t\t\t});\n\t\t\t\t\t\t}\n\t\t\t\t\t\t\n\t\t\t\t\t});\n\t\t\t\t<\/script>\n\t\t\t<\/rs-module-wrap>\n\t\t\t<!-- END REVOLUTION SLIDER -->\n<\/div><\/div><\/div><\/div><\/div><div class=\"vc_row-full-width vc_clearfix\"><\/div><div class=\"opn-row-pre-element\" data-id=\"\" data-gutter=\"\" data-opn_hide_navigation=\"\" data-opn_enable_overlay=\"\"><\/div><div data-vc-full-width=\"true\" data-vc-full-width-init=\"false\" class=\"vc_row wpb_row vc_row-fluid vc_custom_1611892138473 vc_row-has-fill scheme_default\"><div class=\"wpb_column vc_column_container vc_col-sm-12 sc_layouts_column_icons_position_left\"><div class=\"vc_column-inner\"><div class=\"wpb_wrapper\"><div id=\"sc_title_1628483867\"\n\t\tclass=\"sc_title sc_title_default\"><h6 class=\"sc_item_subtitle sc_title_subtitle sc_align_center sc_item_title_style_default\">EVO<\/h6><h3 class=\"sc_item_title sc_title_title sc_align_center sc_item_title_style_default\">Family Culture<\/h3><\/div><!-- \/.sc_title -->\n\t<div class=\"wpb_text_column wpb_content_element  vc_custom_1647319699547\" >\n\t\t<div class=\"wpb_wrapper\">\n\t\t\t<p style=\"text-align: center;\"><span style=\"font-size: 18pt; color: #333;\">The Evo Culture focuses on preparation and the daily process and sacrifices needed to become a great athlete and basketball player. The lessons learned during our training programs will lead to success on and off the court. By focusing on the process and the details of every aspects of the game, players will see results by learning how to set goals, work hard, and push their limits in a winning culture.<\/span><\/p>\n<p style=\"text-align: center;\"><span style=\"font-size: 18pt; color: #333;\">Evolution Basketball was founded in 2015 to ensure bilingual programs are available to young players in Ottawa. We focus on the development of technical skills for players of all ages and skill levels. Our various programs teach the basics and fundamentals of basketball using techniques adapted to the needs and abilities of each player.<\/span><\/p>\n\n\t\t<\/div>\n\t<\/div>\n<div class=\"vc_empty_space\"   style=\"height: 5.3rem\"><span class=\"vc_empty_space_inner\"><\/span><\/div><\/div><\/div><\/div><\/div><div class=\"vc_row-full-width vc_clearfix\"><\/div><div class=\"opn-row-pre-element\" data-id=\"\" data-gutter=\"\" data-opn_hide_navigation=\"\" data-opn_enable_overlay=\"\"><\/div><div class=\"vc_row wpb_row vc_row-fluid vc_custom_1620881568731 vc_row-has-fill scheme_default\"><div class=\"wpb_column vc_column_container vc_col-sm-12 vc_col-has-fill sc_layouts_column_icons_position_left\"><div class=\"vc_column-inner vc_custom_1611898182631\"><div class=\"wpb_wrapper\">\n\t<div  class=\"wpb_single_image wpb_content_element vc_align_center\">\n\t\t\n\t\t<figure class=\"wpb_wrapper vc_figure\">\n\t\t\t<div class=\"vc_single_image-wrapper   vc_box_border_grey\"><img width=\"1500\" height=\"697\" src=\"http:\/\/evolutionbasketball.ca\/wp-content\/uploads\/2021\/01\/About-Us-Collage.png\" class=\"vc_single_image-img attachment-full\" alt=\"\" loading=\"lazy\" srcset=\"http:\/\/evolutionbasketball.ca\/wp-content\/uploads\/2021\/01\/About-Us-Collage.png 1500w, http:\/\/evolutionbasketball.ca\/wp-content\/uploads\/2021\/01\/About-Us-Collage-300x139.png 300w, http:\/\/evolutionbasketball.ca\/wp-content\/uploads\/2021\/01\/About-Us-Collage-1024x476.png 1024w, http:\/\/evolutionbasketball.ca\/wp-content\/uploads\/2021\/01\/About-Us-Collage-768x357.png 768w, http:\/\/evolutionbasketball.ca\/wp-content\/uploads\/2021\/01\/About-Us-Collage-370x172.png 370w, http:\/\/evolutionbasketball.ca\/wp-content\/uploads\/2021\/01\/About-Us-Collage-770x358.png 770w, http:\/\/evolutionbasketball.ca\/wp-content\/uploads\/2021\/01\/About-Us-Collage-600x279.png 600w\" sizes=\"(max-width: 1500px) 100vw, 1500px\" \/><\/div>\n\t\t<\/figure>\n\t<\/div>\n<\/div><\/div><\/div><\/div><div class=\"opn-row-pre-element\" data-id=\"\" data-gutter=\"\" data-opn_hide_navigation=\"\" data-opn_enable_overlay=\"\"><\/div><div data-vc-full-width=\"true\" data-vc-full-width-init=\"false\" class=\"vc_row wpb_row vc_row-fluid vc_custom_1620881564447 vc_row-has-fill scheme_default\"><div class=\"wpb_column vc_column_container vc_col-sm-12 sc_layouts_column_icons_position_left\"><div class=\"vc_column-inner\"><div class=\"wpb_wrapper\">\n\t<div class=\"wpb_text_column wpb_content_element  vc_custom_1647319747747\" >\n\t\t<div class=\"wpb_wrapper\">\n\t\t\t<p style=\"text-align: center;\"><span style=\"font-size: 18pt; color: #333;\">The Evo Family extends beyond the basketball court. Our coaches are dedicated to help each player reach their short term and long term goals by providing honest advice, guidance, and life lessons to help them achieve their objectives. Leadership, confidence, positive energy, preparation, responsibility, accountability, hard work, perseverance, respect and a never quit attitude is what we preach on a daily basis.<\/span><\/p>\n<p style=\"text-align: center;\"><span style=\"font-size: 18pt; color: #333;\">Aim high! Dream big!<\/span><\/p>\n\n\t\t<\/div>\n\t<\/div>\n<div class=\"vc_empty_space\"   style=\"height: 5.3rem\"><span class=\"vc_empty_space_inner\"><\/span><\/div><\/div><\/div><\/div><\/div><div class=\"vc_row-full-width vc_clearfix\"><\/div><div class=\"opn-row-pre-element\" data-id=\"\" data-gutter=\"\" data-opn_hide_navigation=\"\" data-opn_enable_overlay=\"\"><\/div><div data-vc-full-width=\"true\" data-vc-full-width-init=\"false\" class=\"vc_row wpb_row vc_row-fluid vc_custom_1611899085283 vc_row-has-fill scheme_dark\"><div class=\"wpb_column vc_column_container vc_col-sm-12 sc_layouts_column_icons_position_left\"><div class=\"vc_column-inner\"><div class=\"wpb_wrapper\"><div id=\"sc_title_569519629\"\n\t\tclass=\"scheme_dark sc_title sc_title_default  vc_custom_1647319891057\"><h6 class=\"sc_item_subtitle sc_title_subtitle sc_align_center sc_item_title_style_default\">Coaches<\/h6><h3 class=\"sc_item_title sc_title_title sc_align_center sc_item_title_style_default\">meet the team<\/h3><\/div><!-- \/.sc_title --><div class=\"vc_row wpb_row vc_inner vc_row-fluid vc_custom_1611898855004 scheme_dark\"><div class=\"wpb_column vc_column_container vc_col-sm-3 sc_layouts_column_icons_position_left\"><div class=\"vc_column-inner\"><div class=\"wpb_wrapper\">\n\t<div  class=\"wpb_single_image wpb_content_element vc_align_center\">\n\t\t\n\t\t<figure class=\"wpb_wrapper vc_figure\">\n\t\t\t<a href=\"http:\/\/evolutionbasketball.ca\/en\/about-us\/davidson-sanelus\/\" target=\"_blank\" class=\"vc_single_image-wrapper   vc_box_border_grey\"><img width=\"600\" height=\"750\" src=\"http:\/\/evolutionbasketball.ca\/wp-content\/uploads\/2021\/01\/Coach-Davy.png\" class=\"vc_single_image-img attachment-full\" alt=\"\" loading=\"lazy\" srcset=\"http:\/\/evolutionbasketball.ca\/wp-content\/uploads\/2021\/01\/Coach-Davy.png 600w, http:\/\/evolutionbasketball.ca\/wp-content\/uploads\/2021\/01\/Coach-Davy-240x300.png 240w, http:\/\/evolutionbasketball.ca\/wp-content\/uploads\/2021\/01\/Coach-Davy-370x463.png 370w\" sizes=\"(max-width: 600px) 100vw, 600px\" \/><\/a>\n\t\t<\/figure>\n\t<\/div>\n\n\t<div class=\"wpb_text_column wpb_content_element  vc_custom_1647319909237\" >\n\t\t<div class=\"wpb_wrapper\">\n\t\t\t<p class=\"team\"><span style=\"color: #ffffff;\"><a class=\"team\" href=\"http:\/\/evolutionbasketball.ca\/en\/about-us\/davidson-sanelus\/\" target=\"_blank\" rel=\"noopener noreferrer\">DAVIDSON SANELUS<\/a><\/span><\/p>\n<p style=\"text-align: center;\"><span style=\"color: #ffffff; text-align: center !important; font-size: 18px;\">Founder \/ Program Director<\/span><\/p>\n\n\t\t<\/div>\n\t<\/div>\n<\/div><\/div><\/div><div class=\"wpb_column vc_column_container vc_col-sm-3 sc_layouts_column_icons_position_left\"><div class=\"vc_column-inner\"><div class=\"wpb_wrapper\">\n\t<div  class=\"wpb_single_image wpb_content_element vc_align_center\">\n\t\t\n\t\t<figure class=\"wpb_wrapper vc_figure\">\n\t\t\t<a href=\"http:\/\/evolutionbasketball.ca\/en\/about-us\/ibrahim-tounkara\/\" target=\"_blank\" class=\"vc_single_image-wrapper   vc_box_border_grey\"><img width=\"600\" height=\"750\" src=\"http:\/\/evolutionbasketball.ca\/wp-content\/uploads\/2021\/01\/Coach-Ibrahim.png\" class=\"vc_single_image-img attachment-full\" alt=\"\" loading=\"lazy\" srcset=\"http:\/\/evolutionbasketball.ca\/wp-content\/uploads\/2021\/01\/Coach-Ibrahim.png 600w, http:\/\/evolutionbasketball.ca\/wp-content\/uploads\/2021\/01\/Coach-Ibrahim-240x300.png 240w, http:\/\/evolutionbasketball.ca\/wp-content\/uploads\/2021\/01\/Coach-Ibrahim-370x463.png 370w\" sizes=\"(max-width: 600px) 100vw, 600px\" \/><\/a>\n\t\t<\/figure>\n\t<\/div>\n\n\t<div class=\"wpb_text_column wpb_content_element  vc_custom_1647319936023\" >\n\t\t<div class=\"wpb_wrapper\">\n\t\t\t<p class=\"team\"><span style=\"color: #ffffff;\"><a class=\"team\" href=\"http:\/\/evolutionbasketball.ca\/en\/about-us\/ibrahim-tounkara\/\" target=\"_blank\" rel=\"noopener noreferrer\">IBRAHIM TOUNKARA<\/a><\/span><\/p>\n<p style=\"text-align: center;\"><span style=\"color: #ffffff; text-align: center !important; font-size: 18px;\">Assistant Director<\/span><\/p>\n\n\t\t<\/div>\n\t<\/div>\n<\/div><\/div><\/div><div class=\"wpb_column vc_column_container vc_col-sm-3 sc_layouts_column_icons_position_left\"><div class=\"vc_column-inner\"><div class=\"wpb_wrapper\">\n\t<div  class=\"wpb_single_image wpb_content_element vc_align_center\">\n\t\t\n\t\t<figure class=\"wpb_wrapper vc_figure\">\n\t\t\t<a href=\"http:\/\/evolutionbasketball.ca\/en\/about-us\/jeremie-st-louis\/\" target=\"_blank\" class=\"vc_single_image-wrapper   vc_box_border_grey\"><img width=\"600\" height=\"750\" src=\"http:\/\/evolutionbasketball.ca\/wp-content\/uploads\/2021\/01\/Coach-Jeremie.png\" class=\"vc_single_image-img attachment-full\" alt=\"\" loading=\"lazy\" srcset=\"http:\/\/evolutionbasketball.ca\/wp-content\/uploads\/2021\/01\/Coach-Jeremie.png 600w, http:\/\/evolutionbasketball.ca\/wp-content\/uploads\/2021\/01\/Coach-Jeremie-240x300.png 240w, http:\/\/evolutionbasketball.ca\/wp-content\/uploads\/2021\/01\/Coach-Jeremie-370x463.png 370w\" sizes=\"(max-width: 600px) 100vw, 600px\" \/><\/a>\n\t\t<\/figure>\n\t<\/div>\n\n\t<div class=\"wpb_text_column wpb_content_element  vc_custom_1647319952265\" >\n\t\t<div class=\"wpb_wrapper\">\n\t\t\t<p class=\"team\"><span style=\"color: #ffffff;\"><a class=\"team\" href=\"http:\/\/evolutionbasketball.ca\/en\/about-us\/jeremie-st-louis\/\" target=\"_blank\" rel=\"noopener noreferrer\">J\u00c9R\u00c9MIE ST-LOUIS<\/a><\/span><\/p>\n<p style=\"text-align: center;\"><span style=\"color: #ffffff; text-align: center !important; font-size: 18px;\">Coach and Trainer<\/span><\/p>\n\n\t\t<\/div>\n\t<\/div>\n<\/div><\/div><\/div><div class=\"wpb_column vc_column_container vc_col-sm-3 sc_layouts_column_icons_position_left\"><div class=\"vc_column-inner\"><div class=\"wpb_wrapper\">\n\t<div  class=\"wpb_single_image wpb_content_element vc_align_center\">\n\t\t\n\t\t<figure class=\"wpb_wrapper vc_figure\">\n\t\t\t<a href=\"http:\/\/evolutionbasketball.ca\/en\/about-us\/chabine-tucker\/\" target=\"_blank\" class=\"vc_single_image-wrapper   vc_box_border_grey\"><img width=\"600\" height=\"750\" src=\"http:\/\/evolutionbasketball.ca\/wp-content\/uploads\/2021\/01\/IMG_9089-1.png\" class=\"vc_single_image-img attachment-full\" alt=\"\" loading=\"lazy\" srcset=\"http:\/\/evolutionbasketball.ca\/wp-content\/uploads\/2021\/01\/IMG_9089-1.png 600w, http:\/\/evolutionbasketball.ca\/wp-content\/uploads\/2021\/01\/IMG_9089-1-240x300.png 240w, http:\/\/evolutionbasketball.ca\/wp-content\/uploads\/2021\/01\/IMG_9089-1-370x463.png 370w\" sizes=\"(max-width: 600px) 100vw, 600px\" \/><\/a>\n\t\t<\/figure>\n\t<\/div>\n\n\t<div class=\"wpb_text_column wpb_content_element  vc_custom_1647319963970\" >\n\t\t<div class=\"wpb_wrapper\">\n\t\t\t<p class=\"team\"><span style=\"color: #ffffff;\"><a class=\"team\" href=\"http:\/\/evolutionbasketball.ca\/en\/about-us\/chabine-tucker\/\" target=\"_blank\" rel=\"noopener noreferrer\">CHABINE TUCKER<\/a><\/span><\/p>\n<p style=\"text-align: center;\"><span style=\"color: #ffffff; text-align: center !important; font-size: 18px;\">Coach and Trainer<\/span><\/p>\n\n\t\t<\/div>\n\t<\/div>\n<\/div><\/div><\/div><\/div><\/div><\/div><\/div><\/div><div class=\"vc_row-full-width vc_clearfix\"><\/div><div class=\"opn-row-pre-element\" data-id=\"\" data-gutter=\"\" data-opn_hide_navigation=\"\" data-opn_enable_overlay=\"\"><\/div><div data-vc-full-width=\"true\" data-vc-full-width-init=\"false\" class=\"vc_row wpb_row vc_row-fluid vc_custom_1622608527041 vc_row-has-fill\"><div class=\"wpb_column vc_column_container vc_col-sm-6 sc_layouts_column_icons_position_left\"><div class=\"vc_column-inner\"><div class=\"wpb_wrapper\"><div class=\"vc_empty_space  vc_custom_1482758718571 height_medium\"   style=\"height: 32px\"><span class=\"vc_empty_space_inner\"><\/span><\/div><div id=\"sc_content_1797361619\"\n\t\tclass=\"scheme_dark sc_content sc_content_default sc_float_center sc_align_left  vc_custom_1647319999478\"><h3 class=\"sc_item_title sc_content_title sc_align_left sc_item_title_style_default\">CAMP COUNSELLORS<\/h3><div class=\"sc_content_container\"><div class=\"vc_row wpb_row vc_inner vc_row-fluid vc_custom_1612330374405 scheme_dark\"><div class=\"wpb_column vc_column_container vc_col-sm-12 sc_layouts_column_icons_position_left\"><div class=\"vc_column-inner\"><div class=\"wpb_wrapper\">\n\t<div class=\"wpb_text_column wpb_content_element\" >\n\t\t<div class=\"wpb_wrapper\">\n\t\t\t<p>We are proud to be in a position to be able to contribute to the success of athletes that have made the choice to be part of the Evo Family, and we continue to support all of the players that have allowed us the opportunity to be a part of their basketball journey.<\/p>\n\n\t\t<\/div>\n\t<\/div>\n<\/div><\/div><\/div><\/div><div class=\"vc_empty_space  vc_custom_1482758718571 height_medium\"   style=\"height: 32px\"><span class=\"vc_empty_space_inner\"><\/span><\/div><\/div><\/div><!-- \/.sc_content --><\/div><\/div><\/div><div class=\"wpb_column vc_column_container vc_col-sm-6 sc_layouts_column_icons_position_left\"><div class=\"vc_column-inner\"><div class=\"wpb_wrapper\">\n\t<div  class=\"wpb_single_image wpb_content_element vc_align_center\">\n\t\t\n\t\t<figure class=\"wpb_wrapper vc_figure\">\n\t\t\t<div class=\"vc_single_image-wrapper   vc_box_border_grey\"><img width=\"1564\" height=\"1564\" src=\"http:\/\/evolutionbasketball.ca\/wp-content\/uploads\/2021\/02\/IMG_20170825_124222_506.jpg\" class=\"vc_single_image-img attachment-full\" alt=\"collage of camp kids\" loading=\"lazy\" srcset=\"http:\/\/evolutionbasketball.ca\/wp-content\/uploads\/2021\/02\/IMG_20170825_124222_506.jpg 1564w, http:\/\/evolutionbasketball.ca\/wp-content\/uploads\/2021\/02\/IMG_20170825_124222_506-300x300.jpg 300w, http:\/\/evolutionbasketball.ca\/wp-content\/uploads\/2021\/02\/IMG_20170825_124222_506-1024x1024.jpg 1024w, http:\/\/evolutionbasketball.ca\/wp-content\/uploads\/2021\/02\/IMG_20170825_124222_506-150x150.jpg 150w, http:\/\/evolutionbasketball.ca\/wp-content\/uploads\/2021\/02\/IMG_20170825_124222_506-768x768.jpg 768w, http:\/\/evolutionbasketball.ca\/wp-content\/uploads\/2021\/02\/IMG_20170825_124222_506-1536x1536.jpg 1536w, http:\/\/evolutionbasketball.ca\/wp-content\/uploads\/2021\/02\/IMG_20170825_124222_506-370x370.jpg 370w, http:\/\/evolutionbasketball.ca\/wp-content\/uploads\/2021\/02\/IMG_20170825_124222_506-90x90.jpg 90w, http:\/\/evolutionbasketball.ca\/wp-content\/uploads\/2021\/02\/IMG_20170825_124222_506-770x770.jpg 770w, http:\/\/evolutionbasketball.ca\/wp-content\/uploads\/2021\/02\/IMG_20170825_124222_506-600x600.jpg 600w, http:\/\/evolutionbasketball.ca\/wp-content\/uploads\/2021\/02\/IMG_20170825_124222_506-100x100.jpg 100w\" sizes=\"(max-width: 1564px) 100vw, 1564px\" \/><\/div>\n\t\t<\/figure>\n\t<\/div>\n<\/div><\/div><\/div><\/div><div class=\"vc_row-full-width vc_clearfix\"><\/div><div class=\"opn-row-pre-element\" data-id=\"\" data-gutter=\"\" data-opn_hide_navigation=\"\" data-opn_enable_overlay=\"\"><\/div><div data-vc-full-width=\"true\" data-vc-full-width-init=\"false\" class=\"vc_row wpb_row vc_row-fluid vc_custom_1620880871302 vc_row-has-fill scheme_dark\"><div class=\"wpb_column vc_column_container vc_col-sm-12 sc_layouts_column_icons_position_left\"><div class=\"vc_column-inner\"><div class=\"wpb_wrapper\"><div id=\"sc_title_511832192\"\n\t\tclass=\"sc_title sc_title_default\"><h3 class=\"sc_item_title sc_title_title sc_align_center sc_item_title_style_default\">Mission<\/h3><\/div><!-- \/.sc_title -->\n\t<div class=\"wpb_text_column wpb_content_element  vc_custom_1647320058520\" >\n\t\t<div class=\"wpb_wrapper\">\n\t\t\t<p style=\"text-align: center;\"><span style=\"font-size: 18pt; color: #fff;\">Help grow the game of basketball in the National Capital Region by providing quality development and competitive programs where athletes reach their full potential and have access to a platform to showcase their talents in various tournaments. <\/span><\/p>\n<p style=\"text-align: center;\"><span style=\"font-size: 18pt; color: #fff;\">Promote the game of basketball in French schools and in the Franco Ontarian community by providing quality coaching and mentoring in the official language of the players\u2019 choice.<\/span><\/p>\n<p style=\"text-align: center;\"><span style=\"font-size: 18pt; color: #fff;\">Instill good values and morals in a fun, safe, and inclusive environment that promotes individual growth as well as good habits and principles that can be implemented on the court, in the classroom, and in everyday life.<\/span><\/p>\n\n\t\t<\/div>\n\t<\/div>\n<\/div><\/div><\/div><\/div><div class=\"vc_row-full-width vc_clearfix\"><\/div><div class=\"opn-row-pre-element\" data-id=\"\" data-gutter=\"\" data-opn_hide_navigation=\"\" data-opn_enable_overlay=\"\"><\/div>","protected":false},"excerpt":{"rendered":"\u00c0 PROPOS LA FAMILLE EVO EVOCULTURE famille La famille Evo s'\u00e9tend au-del\u00e0 du terrain de basket-ball. Nos entraineurs ont pour mission d'aider les joueurs \u00e0 atteindre leurs objectifs \u00e0 court et \u00e0 long terme en leurs fournissant des conseils honn\u00eates, des orientations et des le\u00e7ons de vie pour les aider \u00e0 atteindre leurs objectifs. Le leadership, la confiance, l\u2019\u00e9nergie positive,&hellip;","protected":false},"author":1,"featured_media":0,"parent":0,"menu_order":0,"comment_status":"closed","ping_status":"closed","template":"","meta":[],"_links":{"self":[{"href":"http:\/\/evolutionbasketball.ca\/en\/wp-json\/wp\/v2\/pages\/317"}],"collection":[{"href":"http:\/\/evolutionbasketball.ca\/en\/wp-json\/wp\/v2\/pages"}],"about":[{"href":"http:\/\/evolutionbasketball.ca\/en\/wp-json\/wp\/v2\/types\/page"}],"author":[{"embeddable":true,"href":"http:\/\/evolutionbasketball.ca\/en\/wp-json\/wp\/v2\/users\/1"}],"replies":[{"embeddable":true,"href":"http:\/\/evolutionbasketball.ca\/en\/wp-json\/wp\/v2\/comments?post=317"}],"version-history":[{"count":143,"href":"http:\/\/evolutionbasketball.ca\/en\/wp-json\/wp\/v2\/pages\/317\/revisions"}],"predecessor-version":[{"id":2061,"href":"http:\/\/evolutionbasketball.ca\/en\/wp-json\/wp\/v2\/pages\/317\/revisions\/2061"}],"wp:attachment":[{"href":"http:\/\/evolutionbasketball.ca\/en\/wp-json\/wp\/v2\/media?parent=317"}],"curies":[{"name":"wp","href":"https:\/\/api.w.org\/{rel}","templated":true}]}}